{"id":22077,"date":"2025-11-09T10:03:22","date_gmt":"2025-11-09T10:03:22","guid":{"rendered":"https:\/\/nemacelik.com.tr\/en\/?post_type=product&#038;p=22077"},"modified":"2025-11-09T10:03:22","modified_gmt":"2025-11-09T10:03:22","slug":"trapezoidal-snow-retention-bracket","status":"publish","type":"product","link":"https:\/\/nemacelik.com.tr\/en\/product\/trapezoidal-snow-retention-bracket\/","title":{"rendered":"Trapezoidal Snow Retention Bracket"},"content":{"rendered":"","protected":false},"excerpt":{"rendered":"<p>The snow-retention bracket for trapezoidal roofing is fastened to the roof using trapezoidal roofing screws.<\/p>\n<p>Fasteners: M5.5\u00d738 mm galvanized steel screw shall be used. M10\u00d735 stainless steel bolt; grade 7.0 A2.<\/p>\n<p>Aluminum material: EN AW-5754; in accordance with \u00d6NORM EN 485-2 or \u00d6NORM EN 1396.<\/p>\n<p><a style=\"display: inline-block; background-color: #d83b32; color: white; font-weight: 600; text-decoration: none; padding: 12px 40px; border-radius: 2px; font-size: 18px; text-align: center;\" href=\"https:\/\/nemacelik.com.tr\/en\/wp-content\/uploads\/2025\/11\/Trapezoidal-Snow-Retention-Bracket.pdf\">Technical Document<br \/>\n<\/a><\/p>\n","protected":false},"featured_media":22079,"template":"","meta":{"_joinchat":[]},"product_cat":[199],"product_tag":[],"class_list":{"0":"post-22077","1":"product","2":"type-product","3":"status-publish","4":"has-post-thumbnail","6":"product_cat-cocking-roof-safety-accessories","8":"first","9":"instock","10":"shipping-taxable","11":"product-type-simple"},"yoast_head":"<!-- This site is optimized with the Yoast SEO plugin v24.2 - https:\/\/yoast.com\/wordpress\/plugins\/seo\/ -->\n<title>Trapezoidal Snow Retention Bracket - Nema \u00c7elik<\/title>\n<meta name=\"robots\" content=\"index, follow, max-snippet:-1, max-image-preview:large, max-video-preview:-1\" \/>\n<link rel=\"canonical\" href=\"https:\/\/nemacelik.com.tr\/en\/product\/trapezoidal-snow-retention-bracket\/\" \/>\n<meta property=\"og:locale\" content=\"en_US\" \/>\n<meta property=\"og:type\" content=\"article\" \/>\n<meta property=\"og:title\" content=\"Trapezoidal Snow Retention Bracket - Nema \u00c7elik\" \/>\n<meta property=\"og:description\" content=\"The snow-retention bracket for trapezoidal roofing is fastened to the roof using trapezoidal roofing screws.  Fasteners: M5.5\u00d738 mm galvanized steel screw shall be used. M10\u00d735 stainless steel bolt; grade 7.0 A2.  Aluminum material: EN AW-5754; in accordance with \u00d6NORM EN 485-2 or \u00d6NORM EN 1396.  Technical Document\" \/>\n<meta property=\"og:url\" content=\"https:\/\/nemacelik.com.tr\/en\/product\/trapezoidal-snow-retention-bracket\/\" \/>\n<meta property=\"og:site_name\" content=\"Nema \u00c7elik\" \/>\n<meta property=\"og:image\" content=\"https:\/\/nemacelik.com.tr\/en\/wp-content\/uploads\/2025\/11\/trapez-kar-tutucu.png\" \/>\n\t<meta property=\"og:image:width\" content=\"834\" \/>\n\t<meta property=\"og:image:height\" content=\"626\" \/>\n\t<meta property=\"og:image:type\" content=\"image\/png\" \/>\n<meta name=\"twitter:card\" content=\"summary_large_image\" \/>\n<meta name=\"twitter:label1\" content=\"Est. reading time\" \/>\n\t<meta name=\"twitter:data1\" content=\"1 minute\" \/>\n<script type=\"application\/ld+json\" class=\"yoast-schema-graph\">{\"@context\":\"https:\/\/schema.org\",\"@graph\":[{\"@type\":\"WebPage\",\"@id\":\"https:\/\/nemacelik.com.tr\/en\/product\/trapezoidal-snow-retention-bracket\/\",\"url\":\"https:\/\/nemacelik.com.tr\/en\/product\/trapezoidal-snow-retention-bracket\/\",\"name\":\"Trapezoidal Snow Retention Bracket - Nema \u00c7elik\",\"isPartOf\":{\"@id\":\"https:\/\/nemacelik.com.tr\/en\/#website\"},\"primaryImageOfPage\":{\"@id\":\"https:\/\/nemacelik.com.tr\/en\/product\/trapezoidal-snow-retention-bracket\/#primaryimage\"},\"image\":{\"@id\":\"https:\/\/nemacelik.com.tr\/en\/product\/trapezoidal-snow-retention-bracket\/#primaryimage\"},\"thumbnailUrl\":\"https:\/\/nemacelik.com.tr\/en\/wp-content\/uploads\/2025\/11\/trapez-kar-tutucu.png\",\"datePublished\":\"2025-11-09T10:03:22+00:00\",\"dateModified\":\"2025-11-09T10:03:22+00:00\",\"breadcrumb\":{\"@id\":\"https:\/\/nemacelik.com.tr\/en\/product\/trapezoidal-snow-retention-bracket\/#breadcrumb\"},\"inLanguage\":\"en-US\",\"potentialAction\":[{\"@type\":\"ReadAction\",\"target\":[\"https:\/\/nemacelik.com.tr\/en\/product\/trapezoidal-snow-retention-bracket\/\"]}]},{\"@type\":\"ImageObject\",\"inLanguage\":\"en-US\",\"@id\":\"https:\/\/nemacelik.com.tr\/en\/product\/trapezoidal-snow-retention-bracket\/#primaryimage\",\"url\":\"https:\/\/nemacelik.com.tr\/en\/wp-content\/uploads\/2025\/11\/trapez-kar-tutucu.png\",\"contentUrl\":\"https:\/\/nemacelik.com.tr\/en\/wp-content\/uploads\/2025\/11\/trapez-kar-tutucu.png\",\"width\":834,\"height\":626},{\"@type\":\"BreadcrumbList\",\"@id\":\"https:\/\/nemacelik.com.tr\/en\/product\/trapezoidal-snow-retention-bracket\/#breadcrumb\",\"itemListElement\":[{\"@type\":\"ListItem\",\"position\":1,\"name\":\"Anasayfa\",\"item\":\"https:\/\/nemacelik.com.tr\/en\/\"},{\"@type\":\"ListItem\",\"position\":2,\"name\":\"Products\",\"item\":\"https:\/\/nemacelik.com.tr\/en\/safety\/\"},{\"@type\":\"ListItem\",\"position\":3,\"name\":\"Trapezoidal Snow Retention Bracket\"}]},{\"@type\":\"WebSite\",\"@id\":\"https:\/\/nemacelik.com.tr\/en\/#website\",\"url\":\"https:\/\/nemacelik.com.tr\/en\/\",\"name\":\"Nema \u00c7elik\",\"description\":\"\u00c7elik I Lazer I Safety\",\"publisher\":{\"@id\":\"https:\/\/nemacelik.com.tr\/en\/#organization\"},\"alternateName\":\"nemacelik.com.tr\",\"potentialAction\":[{\"@type\":\"SearchAction\",\"target\":{\"@type\":\"EntryPoint\",\"urlTemplate\":\"https:\/\/nemacelik.com.tr\/en\/?s={search_term_string}\"},\"query-input\":{\"@type\":\"PropertyValueSpecification\",\"valueRequired\":true,\"valueName\":\"search_term_string\"}}],\"inLanguage\":\"en-US\"},{\"@type\":\"Organization\",\"@id\":\"https:\/\/nemacelik.com.tr\/en\/#organization\",\"name\":\"Nema \u00c7elik\",\"url\":\"https:\/\/nemacelik.com.tr\/en\/\",\"logo\":{\"@type\":\"ImageObject\",\"inLanguage\":\"en-US\",\"@id\":\"https:\/\/nemacelik.com.tr\/en\/#\/schema\/logo\/image\/\",\"url\":\"https:\/\/nemacelik.com.tr\/en\/wp-content\/uploads\/2024\/05\/nema-logo.png\",\"contentUrl\":\"https:\/\/nemacelik.com.tr\/en\/wp-content\/uploads\/2024\/05\/nema-logo.png\",\"width\":2560,\"height\":815,\"caption\":\"Nema \u00c7elik\"},\"image\":{\"@id\":\"https:\/\/nemacelik.com.tr\/en\/#\/schema\/logo\/image\/\"},\"sameAs\":[\"https:\/\/www.linkedin.com\/company\/nema-elik\/?originalSubdomain=tr\"]}]}<\/script>\n<!-- \/ Yoast SEO plugin. -->","yoast_head_json":{"title":"Trapezoidal Snow Retention Bracket - Nema \u00c7elik","robots":{"index":"index","follow":"follow","max-snippet":"max-snippet:-1","max-image-preview":"max-image-preview:large","max-video-preview":"max-video-preview:-1"},"canonical":"https:\/\/nemacelik.com.tr\/en\/product\/trapezoidal-snow-retention-bracket\/","og_locale":"en_US","og_type":"article","og_title":"Trapezoidal Snow Retention Bracket - Nema \u00c7elik","og_description":"The snow-retention bracket for trapezoidal roofing is fastened to the roof using trapezoidal roofing screws.  Fasteners: M5.5\u00d738 mm galvanized steel screw shall be used. M10\u00d735 stainless steel bolt; grade 7.0 A2.  Aluminum material: EN AW-5754; in accordance with \u00d6NORM EN 485-2 or \u00d6NORM EN 1396.  Technical Document","og_url":"https:\/\/nemacelik.com.tr\/en\/product\/trapezoidal-snow-retention-bracket\/","og_site_name":"Nema \u00c7elik","og_image":[{"width":834,"height":626,"url":"https:\/\/nemacelik.com.tr\/en\/wp-content\/uploads\/2025\/11\/trapez-kar-tutucu.png","type":"image\/png"}],"twitter_card":"summary_large_image","twitter_misc":{"Est. reading time":"1 minute"},"schema":{"@context":"https:\/\/schema.org","@graph":[{"@type":"WebPage","@id":"https:\/\/nemacelik.com.tr\/en\/product\/trapezoidal-snow-retention-bracket\/","url":"https:\/\/nemacelik.com.tr\/en\/product\/trapezoidal-snow-retention-bracket\/","name":"Trapezoidal Snow Retention Bracket - Nema \u00c7elik","isPartOf":{"@id":"https:\/\/nemacelik.com.tr\/en\/#website"},"primaryImageOfPage":{"@id":"https:\/\/nemacelik.com.tr\/en\/product\/trapezoidal-snow-retention-bracket\/#primaryimage"},"image":{"@id":"https:\/\/nemacelik.com.tr\/en\/product\/trapezoidal-snow-retention-bracket\/#primaryimage"},"thumbnailUrl":"https:\/\/nemacelik.com.tr\/en\/wp-content\/uploads\/2025\/11\/trapez-kar-tutucu.png","datePublished":"2025-11-09T10:03:22+00:00","dateModified":"2025-11-09T10:03:22+00:00","breadcrumb":{"@id":"https:\/\/nemacelik.com.tr\/en\/product\/trapezoidal-snow-retention-bracket\/#breadcrumb"},"inLanguage":"en-US","potentialAction":[{"@type":"ReadAction","target":["https:\/\/nemacelik.com.tr\/en\/product\/trapezoidal-snow-retention-bracket\/"]}]},{"@type":"ImageObject","inLanguage":"en-US","@id":"https:\/\/nemacelik.com.tr\/en\/product\/trapezoidal-snow-retention-bracket\/#primaryimage","url":"https:\/\/nemacelik.com.tr\/en\/wp-content\/uploads\/2025\/11\/trapez-kar-tutucu.png","contentUrl":"https:\/\/nemacelik.com.tr\/en\/wp-content\/uploads\/2025\/11\/trapez-kar-tutucu.png","width":834,"height":626},{"@type":"BreadcrumbList","@id":"https:\/\/nemacelik.com.tr\/en\/product\/trapezoidal-snow-retention-bracket\/#breadcrumb","itemListElement":[{"@type":"ListItem","position":1,"name":"Anasayfa","item":"https:\/\/nemacelik.com.tr\/en\/"},{"@type":"ListItem","position":2,"name":"Products","item":"https:\/\/nemacelik.com.tr\/en\/safety\/"},{"@type":"ListItem","position":3,"name":"Trapezoidal Snow Retention Bracket"}]},{"@type":"WebSite","@id":"https:\/\/nemacelik.com.tr\/en\/#website","url":"https:\/\/nemacelik.com.tr\/en\/","name":"Nema \u00c7elik","description":"\u00c7elik I Lazer I Safety","publisher":{"@id":"https:\/\/nemacelik.com.tr\/en\/#organization"},"alternateName":"nemacelik.com.tr","potentialAction":[{"@type":"SearchAction","target":{"@type":"EntryPoint","urlTemplate":"https:\/\/nemacelik.com.tr\/en\/?s={search_term_string}"},"query-input":{"@type":"PropertyValueSpecification","valueRequired":true,"valueName":"search_term_string"}}],"inLanguage":"en-US"},{"@type":"Organization","@id":"https:\/\/nemacelik.com.tr\/en\/#organization","name":"Nema \u00c7elik","url":"https:\/\/nemacelik.com.tr\/en\/","logo":{"@type":"ImageObject","inLanguage":"en-US","@id":"https:\/\/nemacelik.com.tr\/en\/#\/schema\/logo\/image\/","url":"https:\/\/nemacelik.com.tr\/en\/wp-content\/uploads\/2024\/05\/nema-logo.png","contentUrl":"https:\/\/nemacelik.com.tr\/en\/wp-content\/uploads\/2024\/05\/nema-logo.png","width":2560,"height":815,"caption":"Nema \u00c7elik"},"image":{"@id":"https:\/\/nemacelik.com.tr\/en\/#\/schema\/logo\/image\/"},"sameAs":["https:\/\/www.linkedin.com\/company\/nema-elik\/?originalSubdomain=tr"]}]}},"_links":{"self":[{"href":"https:\/\/nemacelik.com.tr\/en\/wp-json\/wp\/v2\/product\/22077","targetHints":{"allow":["GET"]}}],"collection":[{"href":"https:\/\/nemacelik.com.tr\/en\/wp-json\/wp\/v2\/product"}],"about":[{"href":"https:\/\/nemacelik.com.tr\/en\/wp-json\/wp\/v2\/types\/product"}],"wp:featuredmedia":[{"embeddable":true,"href":"https:\/\/nemacelik.com.tr\/en\/wp-json\/wp\/v2\/media\/22079"}],"wp:attachment":[{"href":"https:\/\/nemacelik.com.tr\/en\/wp-json\/wp\/v2\/media?parent=22077"}],"wp:term":[{"taxonomy":"product_cat","embeddable":true,"href":"https:\/\/nemacelik.com.tr\/en\/wp-json\/wp\/v2\/product_cat?post=22077"},{"taxonomy":"product_tag","embeddable":true,"href":"https:\/\/nemacelik.com.tr\/en\/wp-json\/wp\/v2\/product_tag?post=22077"}],"curies":[{"name":"wp","href":"https:\/\/api.w.org\/{rel}","templated":true}]}}